{"id":38642,"date":"2023-02-09T12:34:27","date_gmt":"2023-02-09T17:34:27","guid":{"rendered":"https:\/\/www.tedpublications.com\/fr\/?page_id=38642"},"modified":"2024-09-30T14:55:04","modified_gmt":"2024-09-30T18:55:04","slug":"numeros-precedents","status":"publish","type":"page","link":"https:\/\/www.tedpublications.com\/fr\/numeros-precedents\/","title":{"rendered":"Num\u00e9ros pr\u00e9c\u00e9dents"},"content":{"rendered":"<h2><a class=\"button\" href=\"https:\/\/www.tedpublications.com\/fr\/liste-des-magazines\/\">VOIR LA NOUVELLE VERSION \u00ab\u00a0FLIP\u00a0\u00bb<\/a><\/h2>\n","protected":false},"excerpt":{"rendered":"<p>VOIR LA NOUVELLE VERSION \u00ab\u00a0FLIP\u00a0\u00bb<\/p>\n","protected":false},"author":38,"featured_media":0,"parent":0,"menu_order":0,"comment_status":"closed","ping_status":"closed","template":"","meta":{"footnotes":""},"class_list":["post-38642","page","type-page","status-publish","hentry","entry"],"_links":{"self":[{"href":"https:\/\/www.tedpublications.com\/fr\/wp-json\/wp\/v2\/pages\/38642","targetHints":{"allow":["GET"]}}],"collection":[{"href":"https:\/\/www.tedpublications.com\/fr\/wp-json\/wp\/v2\/pages"}],"about":[{"href":"https:\/\/www.tedpublications.com\/fr\/wp-json\/wp\/v2\/types\/page"}],"author":[{"embeddable":true,"href":"https:\/\/www.tedpublications.com\/fr\/wp-json\/wp\/v2\/users\/38"}],"replies":[{"embeddable":true,"href":"https:\/\/www.tedpublications.com\/fr\/wp-json\/wp\/v2\/comments?post=38642"}],"version-history":[{"count":21,"href":"https:\/\/www.tedpublications.com\/fr\/wp-json\/wp\/v2\/pages\/38642\/revisions"}],"predecessor-version":[{"id":43203,"href":"https:\/\/www.tedpublications.com\/fr\/wp-json\/wp\/v2\/pages\/38642\/revisions\/43203"}],"wp:attachment":[{"href":"https:\/\/www.tedpublications.com\/fr\/wp-json\/wp\/v2\/media?parent=38642"}],"curies":[{"name":"wp","href":"https:\/\/api.w.org\/{rel}","templated":true}]}}