{"id":31631,"date":"2020-07-17T11:37:52","date_gmt":"2020-07-17T15:37:52","guid":{"rendered":"https:\/\/www.tedpublications.com\/fr\/?page_id=31631"},"modified":"2024-07-19T15:06:11","modified_gmt":"2024-07-19T19:06:11","slug":"tedpublications-vous-offre","status":"publish","type":"page","link":"https:\/\/www.tedpublications.com\/fr\/tedpublications-vous-offre\/","title":{"rendered":"TED Publications vous offre"},"content":{"rendered":"<div id=\"pl-31631\"  class=\"panel-layout\" ><div id=\"pg-31631-0\"  class=\"panel-grid panel-no-style\" ><div id=\"pgc-31631-0-0\"  class=\"panel-grid-cell\" ><div class=\"swpub panel-cell-style panel-cell-style-for-31631-0-0\" ><div id=\"panel-31631-0-0-0\" class=\"so-panel widget widget_sow-editor panel-first-child panel-last-child\" data-index=\"0\" ><div\n\t\t\t\n\t\t\tclass=\"so-widget-sow-editor so-widget-sow-editor-base\"\n\t\t\t\n\t\t>\n<div class=\"siteorigin-widget-tinymce textwidget\">\n\t<h2 style=\"text-align: left;\"><strong>TED Publications vous offre GRATUITEMENT<\/strong><br \/>\n\u00c9dition num\u00e9rique de Magazine TED, Vol 31 no 04 - juillet - ao\u00fbt 2024.<\/h2>\n<p>&nbsp;<\/p>\n<noscript class=\"ninja-forms-noscript-message\">\n\tRemarque\u00a0: JavaScript est requis pour ce contenu.<\/noscript>\n<div id=\"nf-form-5-cont\" class=\"nf-form-cont\" aria-live=\"polite\" aria-labelledby=\"nf-form-title-5\" aria-describedby=\"nf-form-errors-5\" role=\"form\">\n\n    <div class=\"nf-loading-spinner\"><\/div>\n\n<\/div>\n        <!-- TODO: Move to Template File. -->\n        <script>var formDisplay=1;var nfForms=nfForms||[];var form=[];form.id='5';form.settings={\"objectType\":\"Form Setting\",\"editActive\":true,\"title\":\"\\u00c9dition num\\u00e9rique de Magazine TED, Vol 31 no 05 - sept - oct 2024. \",\"created_at\":\"2020-07-17 07:34:35\",\"default_label_pos\":\"above\",\"show_title\":0,\"clear_complete\":\"1\",\"hide_complete\":\"1\",\"logged_in\":\"\",\"wrapper_class\":\"\",\"element_class\":\"sw_form\",\"add_submit\":\"1\",\"currency\":\"\",\"not_logged_in_msg\":\"\",\"sub_limit_msg\":\"\",\"calculations\":[],\"formContentData\":[\"nom_complet\",\"courriel\",\"spam_1660569345515\",\"telecharger_le_magazine_ted_1594996712112\",\"html_1595001160109\"],\"key\":\"\",\"changeEmailErrorMsg\":\"Veuillez saisir une adresse de messagerie valide. Ex\\u00a0: jean.dupont@gmail.com\",\"changeDateErrorMsg\":\"Veuillez saisir une date valide\\u00a0!\",\"confirmFieldErrorMsg\":\"Ces champs doivent correspondre\\u00a0!\",\"fieldNumberNumMinError\":\"Erreur de nombre min.\",\"fieldNumberNumMaxError\":\"Erreur de nombre max.\",\"fieldNumberIncrementBy\":\"Veuillez incr\\u00e9menter par \",\"formErrorsCorrectErrors\":\"Veuillez corriger les erreurs avant d\\u2019envoyer ce formulaire.\",\"validateRequiredField\":\"Ce champ est obligatoire.\",\"honeypotHoneypotError\":\"Erreur Honeypot\",\"fieldsMarkedRequired\":\"Les champs marqu\\u00e9s d\\u2019un <span class=\\\"ninja-forms-req-symbol\\\">*<\\\/span> sont obligatoires\",\"unique_field_error\":\"Un formulaire avec cette valeur a d\\u00e9j\\u00e0 \\u00e9t\\u00e9 envoy\\u00e9.\",\"drawerDisabled\":false,\"allow_public_link\":0,\"embed_form\":\"\",\"repeatable_fieldsets\":\"\",\"form_title_heading_level\":\"3\",\"ninjaForms\":\"Ninja Forms\",\"fieldTextareaRTEInsertLink\":\"Ins\\u00e9rer un lien\",\"fieldTextareaRTEInsertMedia\":\"Ins\\u00e9rer un m\\u00e9dia\",\"fieldTextareaRTESelectAFile\":\"S\\u00e9lectionnez un fichier\",\"formHoneypot\":\"Si vous \\u00eates un \\u00eatre humain et que vous voyez ce champ, veuillez le laisser vide.\",\"fileUploadOldCodeFileUploadInProgress\":\"T\\u00e9l\\u00e9versement du fichier en cours.\",\"fileUploadOldCodeFileUpload\":\"T\\u00c9L\\u00c9VERSEMENT DE FICHIER\",\"currencySymbol\":\"&#36;\",\"thousands_sep\":\"\\u00a0\",\"decimal_point\":\",\",\"siteLocale\":\"fr_FR\",\"dateFormat\":\"m\\\/d\\\/Y\",\"startOfWeek\":\"1\",\"of\":\"sur\",\"previousMonth\":\"Mois pr\\u00e9c\\u00e9dent\",\"nextMonth\":\"Mois suivant\",\"months\":[\"Janvier\",\"F\\u00e9vrier\",\"Mars\",\"Avril\",\"Mai\",\"Juin\",\"Juillet\",\"Ao\\u00fbt\",\"Septembre\",\"Octobre\",\"Novembre\",\"D\\u00e9cembre\"],\"monthsShort\":[\"Jan\",\"F\\u00e9v\",\"Mar\",\"Avr\",\"Mai\",\"Juin\",\"Juil\",\"Ao\\u00fb\",\"Sep\",\"Oct\",\"Nov\",\"D\\u00e9c\"],\"weekdays\":[\"Dimanche\",\"Lundi\",\"Mardi\",\"Mercredi\",\"Jeudi\",\"Vendredi\",\"Samedi\"],\"weekdaysShort\":[\"Dim\",\"Lun\",\"Mar\",\"Mer\",\"Jeu\",\"Ven\",\"Sam\"],\"weekdaysMin\":[\"Di\",\"Lu\",\"Ma\",\"Me\",\"Je\",\"Ve\",\"Sa\"],\"recaptchaConsentMissing\":\"reCapctha validation couldn&#039;t load.\",\"recaptchaMissingCookie\":\"reCaptcha v3 validation couldn&#039;t load the cookie needed to submit the form.\",\"recaptchaConsentEvent\":\"Accept reCaptcha cookies before sending the form.\",\"currency_symbol\":\"\",\"beforeForm\":\"\",\"beforeFields\":\"\",\"afterFields\":\"\",\"afterForm\":\"\"};form.fields=[{\"objectType\":\"Field\",\"objectDomain\":\"fields\",\"editActive\":false,\"order\":1,\"idAttribute\":\"id\",\"label_pos\":\"above\",\"required\":1,\"label\":\"Nom Complet\",\"key\":\"nom_complet\",\"type\":\"firstname\",\"field_label\":\"Nom Complet\",\"field_key\":\"nom_complet\",\"default\":\"\",\"placeholder\":\"\",\"container_class\":\"\",\"element_class\":\"\",\"admin_label\":\"\",\"help_text\":\"\",\"custom_name_attribute\":\"fname\",\"personally_identifiable\":1,\"value\":\"\",\"id\":34,\"beforeField\":\"\",\"afterField\":\"\",\"parentType\":\"firstname\",\"element_templates\":[\"firstname\",\"input\"],\"old_classname\":\"\",\"wrap_template\":\"wrap\"},{\"objectType\":\"Field\",\"objectDomain\":\"fields\",\"editActive\":false,\"order\":2,\"idAttribute\":\"id\",\"label_pos\":\"above\",\"required\":1,\"label\":\"Courriel\",\"key\":\"courriel\",\"type\":\"email\",\"field_label\":\"Courriel\",\"field_key\":\"courriel\",\"default\":\"\",\"placeholder\":\"\",\"container_class\":\"\",\"element_class\":\"\",\"admin_label\":\"\",\"help_text\":\"\",\"custom_name_attribute\":\"email\",\"personally_identifiable\":1,\"value\":\"\",\"id\":35,\"beforeField\":\"\",\"afterField\":\"\",\"parentType\":\"email\",\"element_templates\":[\"email\",\"input\"],\"old_classname\":\"\",\"wrap_template\":\"wrap\"},{\"objectType\":\"Field\",\"objectDomain\":\"fields\",\"editActive\":false,\"order\":3,\"idAttribute\":\"id\",\"label\":\"Question anti-spam. Calculer, 3+3 =\",\"type\":\"spam\",\"key\":\"spam_1660569345515\",\"label_pos\":\"above\",\"required\":1,\"default\":\"\",\"placeholder\":\"\",\"container_class\":\"\",\"element_class\":\"\",\"input_limit\":\"\",\"input_limit_type\":\"characters\",\"input_limit_msg\":\"Caract\\u00e8re(s) restant(s)\",\"manual_key\":true,\"admin_label\":\"\",\"help_text\":\"\",\"spam_answer\":6,\"value\":\"\",\"drawerDisabled\":false,\"id\":39,\"beforeField\":\"\",\"afterField\":\"\",\"parentType\":\"spam\",\"element_templates\":[\"textbox\",\"input\"],\"old_classname\":\"\",\"wrap_template\":\"wrap\"},{\"objectType\":\"Field\",\"objectDomain\":\"fields\",\"editActive\":false,\"order\":4,\"idAttribute\":\"id\",\"processing_label\":\"En cours de traitement\",\"label\":\"T\\u00e9l\\u00e9charger le Magazine TED\",\"key\":\"telecharger_le_magazine_ted_1594996712112\",\"type\":\"submit\",\"field_label\":\"Je m'abonne\",\"field_key\":\"je_m_abonne_1583867855885\",\"container_class\":\"\",\"element_class\":\"\",\"drawerDisabled\":false,\"id\":36,\"beforeField\":\"\",\"afterField\":\"\",\"value\":\"\",\"label_pos\":\"above\",\"parentType\":\"textbox\",\"element_templates\":[\"submit\",\"button\",\"input\"],\"old_classname\":\"\",\"wrap_template\":\"wrap-no-label\"},{\"objectType\":\"Field\",\"objectDomain\":\"fields\",\"editActive\":false,\"order\":5,\"idAttribute\":\"id\",\"type\":\"html\",\"label\":\"HTML\",\"default\":\"<div style=\\\"text-align: center;\\\"><img src=\\\"https:\\\/\\\/www.tedpublications.com\\\/fr\\\/wp-content\\\/uploads\\\/2024\\\/09\\\/Vol31_05_front_sept_oct_2024.jpg\\\" style=\\\"width: 824.812px;\\\"><\\\/div>\",\"container_class\":\"\",\"element_class\":\"\",\"key\":\"html_1595001160109\",\"drawerDisabled\":false,\"id\":37,\"beforeField\":\"\",\"afterField\":\"\",\"value\":\"<div style=\\\"text-align: center;\\\"><img src=\\\"https:\\\/\\\/www.tedpublications.com\\\/fr\\\/wp-content\\\/uploads\\\/2024\\\/09\\\/Vol31_05_front_sept_oct_2024.jpg\\\" style=\\\"width: 824.812px;\\\"><\\\/div>\",\"label_pos\":\"above\",\"parentType\":\"html\",\"element_templates\":[\"html\",\"input\"],\"old_classname\":\"\",\"wrap_template\":\"wrap\"}];nfForms.push(form);<\/script>\n        \n<\/div>\n<\/div><\/div><\/div><\/div><div id=\"pgc-31631-0-1\"  class=\"panel-grid-cell\" ><div class=\"panel-cell-style panel-cell-style-for-31631-0-1\" ><div id=\"panel-31631-0-1-0\" class=\"widget_text so-panel widget widget_custom_html panel-first-child\" data-index=\"1\" ><div class=\"textwidget custom-html-widget\"><ins data-revive-zoneid=\"46\" data-revive-id=\"f9eb582f2634fc8fec3ccb8d0f9ebf3c\"><\/ins>\n<script async src=\"\/\/www.tedpublications.com\/revive\/www\/delivery\/asyncjs.php\"><\/script><\/div><\/div><div id=\"panel-31631-0-1-1\" class=\"widget_text so-panel widget widget_custom_html\" data-index=\"2\" ><div class=\"textwidget custom-html-widget\"><ins data-revive-zoneid=\"48\" data-revive-id=\"f9eb582f2634fc8fec3ccb8d0f9ebf3c\"><\/ins>\n<script async src=\"\/\/www.tedpublications.com\/revive\/www\/delivery\/asyncjs.php\"><\/script><\/div><\/div><div id=\"panel-31631-0-1-2\" class=\"widget_text so-panel widget widget_custom_html\" data-index=\"3\" ><div class=\"textwidget custom-html-widget\"><script type=\"text\/javascript\"><!--\ngoogle_ad_client = \"ca-pub-3801649250635181\";\n\/* TED Sidebar 300x250 *\/\ngoogle_ad_slot = \"6758013237\";\ngoogle_ad_width = 300;\ngoogle_ad_height = 250;\n\/\/-->\n<\/script>\n<script type=\"text\/javascript\"\nsrc=\"https:\/\/pagead2.googlesyndication.com\/pagead\/show_ads.js\">\n<\/script><\/div><\/div><div id=\"panel-31631-0-1-3\" class=\"widget_text so-panel widget widget_custom_html\" data-index=\"4\" ><div class=\"textwidget custom-html-widget\"><ins data-revive-zoneid=\"47\" data-revive-id=\"f9eb582f2634fc8fec3ccb8d0f9ebf3c\"><\/ins>\n<script async src=\"\/\/www.tedpublications.com\/revive\/www\/delivery\/asyncjs.php\"><\/script><\/div><\/div><div id=\"panel-31631-0-1-4\" class=\"widget_text so-panel widget widget_custom_html\" data-index=\"5\" ><div class=\"textwidget custom-html-widget\"><ins data-revive-zoneid=\"49\" data-revive-id=\"f9eb582f2634fc8fec3ccb8d0f9ebf3c\"><\/ins>\n<script async src=\"\/\/www.tedpublications.com\/revive\/www\/delivery\/asyncjs.php\"><\/script><\/div><\/div><div id=\"panel-31631-0-1-5\" class=\"widget_text so-panel widget widget_custom_html\" data-index=\"6\" ><div class=\"textwidget custom-html-widget\"><ins data-revive-zoneid=\"45\" data-revive-id=\"f9eb582f2634fc8fec3ccb8d0f9ebf3c\"><\/ins>\n<script async src=\"\/\/www.tedpublications.com\/revive\/www\/delivery\/asyncjs.php\"><\/script><\/div><\/div><div id=\"panel-31631-0-1-6\" class=\"widget_text so-panel widget widget_custom_html\" data-index=\"7\" ><div class=\"textwidget custom-html-widget\"><ins data-revive-zoneid=\"49\" data-revive-id=\"f9eb582f2634fc8fec3ccb8d0f9ebf3c\"><\/ins>\n<script async src=\"\/\/www.tedpublications.com\/revive\/www\/delivery\/asyncjs.php\"><\/script><\/div><\/div><div id=\"panel-31631-0-1-7\" class=\"widget_text so-panel widget widget_custom_html\" data-index=\"8\" ><div class=\"widget_text panel-widget-style panel-widget-style-for-31631-0-1-7\" ><div class=\"textwidget custom-html-widget\"><script type=\"text\/javascript\"><!--\ngoogle_ad_client = \"ca-pub-3801649250635181\";\n\/* TED Sidebar 300x250 *\/\ngoogle_ad_slot = \"6758013237\";\ngoogle_ad_width = 300;\ngoogle_ad_height = 250;\n\/\/-->\n<\/script>\n<script type=\"text\/javascript\"\nsrc=\"https:\/\/pagead2.googlesyndication.com\/pagead\/show_ads.js\">\n<\/script><\/div><\/div><\/div><div id=\"panel-31631-0-1-8\" class=\"widget_text so-panel widget widget_custom_html\" data-index=\"9\" ><div class=\"textwidget custom-html-widget\"><ins data-revive-zoneid=\"130\" data-revive-id=\"f9eb582f2634fc8fec3ccb8d0f9ebf3c\"><\/ins>\n<script async src=\"\/\/www.tedpublications.com\/revive\/www\/delivery\/asyncjs.php\"><\/script><\/div><\/div><div id=\"panel-31631-0-1-9\" class=\"widget_text so-panel widget widget_custom_html\" data-index=\"10\" ><div class=\"textwidget custom-html-widget\"><iframe src=\"\/\/www.facebook.com\/plugins\/likebox.php?href=http%3A%2F%2Fwww.facebook.com%2Fmagted&amp;width=305&amp;height=758&amp;colorscheme=light&amp;show_faces=true&amp;header=false&amp;stream=true&amp;show_border=false&amp;appId=268239076529520\" scrolling=\"no\" frameborder=\"0\" style=\"border:none; overflow:hidden; width:300px; height:765px;\" allowtransparency=\"true\"><\/iframe><\/div><\/div><div id=\"panel-31631-0-1-10\" class=\"so-panel widget widget_ninja_forms_widget panel-last-child\" data-index=\"11\" ><noscript class=\"ninja-forms-noscript-message\">\n\tRemarque\u00a0: JavaScript est requis pour ce contenu.<\/noscript>\n<div id=\"nf-form-4-cont\" class=\"nf-form-cont\" aria-live=\"polite\" aria-labelledby=\"nf-form-title-4\" aria-describedby=\"nf-form-errors-4\" role=\"form\">\n\n    <div class=\"nf-loading-spinner\"><\/div>\n\n<\/div>\n        <!-- TODO: Move to Template File. -->\n        <script>var formDisplay=1;var nfForms=nfForms||[];var form=[];form.id='4';form.settings={\"objectType\":\"Form Setting\",\"editActive\":true,\"title\":\"Abonnement infolettre\",\"created_at\":\"2020-03-10 12:13:38\",\"default_label_pos\":\"above\",\"show_title\":\"1\",\"clear_complete\":\"1\",\"hide_complete\":\"1\",\"logged_in\":\"\",\"wrapper_class\":\"\",\"element_class\":\"sw_form\",\"add_submit\":\"1\",\"currency\":\"\",\"not_logged_in_msg\":\"\",\"sub_limit_msg\":\"\",\"calculations\":[],\"formContentData\":[\"nom_complet\",\"courriel\",\"je_m_abonne_1583867855885\"],\"allow_public_link\":0,\"embed_form\":\"\",\"key\":\"\",\"changeEmailErrorMsg\":\"Veuillez saisir une adresse de messagerie valide. Ex\\u00a0: jean.dupont@gmail.com\",\"changeDateErrorMsg\":\"Veuillez saisir une date valide\\u00a0!\",\"confirmFieldErrorMsg\":\"Ces champs doivent correspondre\\u00a0!\",\"fieldNumberNumMinError\":\"Erreur de nombre min.\",\"fieldNumberNumMaxError\":\"Erreur de nombre max.\",\"fieldNumberIncrementBy\":\"Veuillez incr\\u00e9menter par \",\"formErrorsCorrectErrors\":\"Veuillez corriger les erreurs avant d\\u2019envoyer ce formulaire.\",\"validateRequiredField\":\"Ce champ est obligatoire.\",\"honeypotHoneypotError\":\"Erreur Honeypot\",\"fieldsMarkedRequired\":\"Les champs marqu\\u00e9s d\\u2019un <span class=\\\"ninja-forms-req-symbol\\\">*<\\\/span> sont obligatoires\",\"unique_field_error\":\"Un formulaire avec cette valeur a d\\u00e9j\\u00e0 \\u00e9t\\u00e9 envoy\\u00e9.\",\"drawerDisabled\":false,\"ninjaForms\":\"Ninja Forms\",\"fieldTextareaRTEInsertLink\":\"Ins\\u00e9rer un lien\",\"fieldTextareaRTEInsertMedia\":\"Ins\\u00e9rer un m\\u00e9dia\",\"fieldTextareaRTESelectAFile\":\"S\\u00e9lectionnez un fichier\",\"formHoneypot\":\"Si vous \\u00eates un \\u00eatre humain et que vous voyez ce champ, veuillez le laisser vide.\",\"fileUploadOldCodeFileUploadInProgress\":\"T\\u00e9l\\u00e9versement du fichier en cours.\",\"fileUploadOldCodeFileUpload\":\"T\\u00c9L\\u00c9VERSEMENT DE FICHIER\",\"currencySymbol\":\"&#36;\",\"thousands_sep\":\"\\u00a0\",\"decimal_point\":\",\",\"siteLocale\":\"fr_FR\",\"dateFormat\":\"m\\\/d\\\/Y\",\"startOfWeek\":\"1\",\"of\":\"sur\",\"previousMonth\":\"Mois pr\\u00e9c\\u00e9dent\",\"nextMonth\":\"Mois suivant\",\"months\":[\"Janvier\",\"F\\u00e9vrier\",\"Mars\",\"Avril\",\"Mai\",\"Juin\",\"Juillet\",\"Ao\\u00fbt\",\"Septembre\",\"Octobre\",\"Novembre\",\"D\\u00e9cembre\"],\"monthsShort\":[\"Jan\",\"F\\u00e9v\",\"Mar\",\"Avr\",\"Mai\",\"Juin\",\"Juil\",\"Ao\\u00fb\",\"Sep\",\"Oct\",\"Nov\",\"D\\u00e9c\"],\"weekdays\":[\"Dimanche\",\"Lundi\",\"Mardi\",\"Mercredi\",\"Jeudi\",\"Vendredi\",\"Samedi\"],\"weekdaysShort\":[\"Dim\",\"Lun\",\"Mar\",\"Mer\",\"Jeu\",\"Ven\",\"Sam\"],\"weekdaysMin\":[\"Di\",\"Lu\",\"Ma\",\"Me\",\"Je\",\"Ve\",\"Sa\"],\"recaptchaConsentMissing\":\"reCapctha validation couldn&#039;t load.\",\"recaptchaMissingCookie\":\"reCaptcha v3 validation couldn&#039;t load the cookie needed to submit the form.\",\"recaptchaConsentEvent\":\"Accept reCaptcha cookies before sending the form.\",\"currency_symbol\":\"\",\"beforeForm\":\"\",\"beforeFields\":\"\",\"afterFields\":\"\",\"afterForm\":\"\"};form.fields=[{\"objectType\":\"Field\",\"objectDomain\":\"fields\",\"editActive\":false,\"order\":1,\"label_pos\":\"above\",\"required\":1,\"label\":\"Nom Complet\",\"key\":\"nom_complet\",\"type\":\"firstname\",\"field_label\":\"Nom Complet\",\"field_key\":\"nom_complet\",\"default\":\"\",\"placeholder\":\"\",\"container_class\":\"\",\"element_class\":\"\",\"admin_label\":\"\",\"help_text\":\"\",\"custom_name_attribute\":\"fname\",\"personally_identifiable\":1,\"value\":\"\",\"id\":26,\"beforeField\":\"\",\"afterField\":\"\",\"parentType\":\"firstname\",\"element_templates\":[\"firstname\",\"input\"],\"old_classname\":\"\",\"wrap_template\":\"wrap\"},{\"objectType\":\"Field\",\"objectDomain\":\"fields\",\"editActive\":false,\"order\":2,\"label_pos\":\"above\",\"required\":1,\"label\":\"Courriel\",\"key\":\"courriel\",\"type\":\"email\",\"field_label\":\"Courriel\",\"field_key\":\"courriel\",\"default\":\"\",\"placeholder\":\"\",\"container_class\":\"\",\"element_class\":\"\",\"admin_label\":\"\",\"help_text\":\"\",\"custom_name_attribute\":\"email\",\"personally_identifiable\":1,\"value\":\"\",\"id\":27,\"beforeField\":\"\",\"afterField\":\"\",\"parentType\":\"email\",\"element_templates\":[\"email\",\"input\"],\"old_classname\":\"\",\"wrap_template\":\"wrap\"},{\"objectType\":\"Field\",\"objectDomain\":\"fields\",\"editActive\":false,\"order\":9999,\"processing_label\":\"En cours de traitement\",\"label\":\"Je m'abonne\",\"key\":\"je_m_abonne_1583867855885\",\"type\":\"submit\",\"field_label\":\"Envoyer l'inscription\",\"field_key\":\"envoyer_l_inscription\",\"container_class\":\"\",\"element_class\":\"\",\"drawerDisabled\":false,\"id\":33,\"beforeField\":\"\",\"afterField\":\"\",\"value\":\"\",\"label_pos\":\"above\",\"parentType\":\"textbox\",\"element_templates\":[\"submit\",\"button\",\"input\"],\"old_classname\":\"\",\"wrap_template\":\"wrap-no-label\"}];nfForms.push(form);<\/script>\n        <\/div><\/div><\/div><\/div><\/div>","protected":false},"excerpt":{"rendered":"<p>TED Publications vous offre GRATUITEMENT \u00c9dition num\u00e9rique de Magazine TED, Vol 31 no 04 &#8211; juillet &#8211; ao\u00fbt 2024. &nbsp;<\/p>\n","protected":false},"author":38,"featured_media":0,"parent":0,"menu_order":0,"comment_status":"closed","ping_status":"closed","template":"","meta":{"footnotes":""},"class_list":["post-31631","page","type-page","status-publish","hentry","entry"],"_links":{"self":[{"href":"https:\/\/www.tedpublications.com\/fr\/wp-json\/wp\/v2\/pages\/31631","targetHints":{"allow":["GET"]}}],"collection":[{"href":"https:\/\/www.tedpublications.com\/fr\/wp-json\/wp\/v2\/pages"}],"about":[{"href":"https:\/\/www.tedpublications.com\/fr\/wp-json\/wp\/v2\/types\/page"}],"author":[{"embeddable":true,"href":"https:\/\/www.tedpublications.com\/fr\/wp-json\/wp\/v2\/users\/38"}],"replies":[{"embeddable":true,"href":"https:\/\/www.tedpublications.com\/fr\/wp-json\/wp\/v2\/comments?post=31631"}],"version-history":[{"count":59,"href":"https:\/\/www.tedpublications.com\/fr\/wp-json\/wp\/v2\/pages\/31631\/revisions"}],"predecessor-version":[{"id":43002,"href":"https:\/\/www.tedpublications.com\/fr\/wp-json\/wp\/v2\/pages\/31631\/revisions\/43002"}],"wp:attachment":[{"href":"https:\/\/www.tedpublications.com\/fr\/wp-json\/wp\/v2\/media?parent=31631"}],"curies":[{"name":"wp","href":"https:\/\/api.w.org\/{rel}","templated":true}]}}