{"id":24926,"date":"2017-09-20T18:46:52","date_gmt":"2017-09-20T18:46:52","guid":{"rendered":"http:\/\/www.tedpublications.com\/fr\/?page_id=24926"},"modified":"2020-08-26T15:33:07","modified_gmt":"2020-08-26T19:33:07","slug":"videos","status":"publish","type":"page","link":"https:\/\/www.tedpublications.com\/fr\/videos\/","title":{"rendered":"Vid\u00e9os"},"content":{"rendered":"<div id=\"pl-24926\"  class=\"panel-layout\" ><div id=\"pg-24926-0\"  class=\"panel-grid panel-no-style\" ><div id=\"pgc-24926-0-0\"  class=\"panel-grid-cell\" ><div class=\"swpub panel-cell-style panel-cell-style-for-24926-0-0\" ><div id=\"panel-24926-0-0-0\" class=\"so-panel widget widget_sow-editor panel-first-child\" data-index=\"0\" ><div\n\t\t\t\n\t\t\tclass=\"so-widget-sow-editor so-widget-sow-editor-base\"\n\t\t\t\n\t\t>\n<div class=\"siteorigin-widget-tinymce textwidget\">\n\t<h2>Vous trouverez ici des vid\u00e9os s\u00e9lectionn\u00e9s par l'\u00e9quipe de TED.<\/h2>\n<\/div>\n<\/div><\/div><div id=\"panel-24926-0-0-1\" class=\"so-panel widget widget_media_video\" data-index=\"1\" ><div style=\"width:100%;\" class=\"wp-video\"><!--[if lt IE 9]><script>document.createElement('video');<\/script><![endif]-->\n<video class=\"wp-video-shortcode\" id=\"video-24926-1\" preload=\"metadata\" controls=\"controls\"><source type=\"video\/youtube\" src=\"https:\/\/youtu.be\/rl9FFZZnWWo?_=1\" \/><a href=\"https:\/\/youtu.be\/rl9FFZZnWWo\">https:\/\/youtu.be\/rl9FFZZnWWo<\/a><\/video><\/div><\/div><div id=\"panel-24926-0-0-2\" class=\"so-panel widget widget_media_video\" data-index=\"2\" ><div style=\"width:100%;\" class=\"wp-video\"><video class=\"wp-video-shortcode\" id=\"video-24926-2\" preload=\"metadata\" controls=\"controls\"><source type=\"video\/youtube\" src=\"https:\/\/youtu.be\/jyvcg72-reA?_=2\" \/><a href=\"https:\/\/youtu.be\/jyvcg72-reA\">https:\/\/youtu.be\/jyvcg72-reA<\/a><\/video><\/div><\/div><div id=\"panel-24926-0-0-3\" class=\"so-panel widget widget_media_video\" data-index=\"3\" ><div style=\"width:100%;\" class=\"wp-video\"><video class=\"wp-video-shortcode\" id=\"video-24926-3\" preload=\"metadata\" controls=\"controls\"><source type=\"video\/youtube\" src=\"https:\/\/youtu.be\/wVTBkZMz_90?_=3\" \/><a href=\"https:\/\/youtu.be\/wVTBkZMz_90\">https:\/\/youtu.be\/wVTBkZMz_90<\/a><\/video><\/div><\/div><div id=\"panel-24926-0-0-4\" class=\"so-panel widget widget_media_video panel-last-child\" data-index=\"4\" ><div style=\"width:100%;\" class=\"wp-video\"><video class=\"wp-video-shortcode\" id=\"video-24926-4\" preload=\"metadata\" controls=\"controls\"><source type=\"video\/youtube\" src=\"https:\/\/youtu.be\/KAOmC5qT02w?_=4\" \/><a href=\"https:\/\/youtu.be\/KAOmC5qT02w\">https:\/\/youtu.be\/KAOmC5qT02w<\/a><\/video><\/div><\/div><\/div><\/div><div id=\"pgc-24926-0-1\"  class=\"panel-grid-cell\" ><div class=\"panel-cell-style panel-cell-style-for-24926-0-1\" ><div id=\"panel-24926-0-1-0\" class=\"widget_text so-panel widget widget_custom_html panel-first-child\" data-index=\"5\" ><div class=\"textwidget custom-html-widget\"><ins data-revive-zoneid=\"46\" data-revive-id=\"f9eb582f2634fc8fec3ccb8d0f9ebf3c\"><\/ins>\n<script async src=\"\/\/www.tedpublications.com\/revive\/www\/delivery\/asyncjs.php\"><\/script><\/div><\/div><div id=\"panel-24926-0-1-1\" class=\"widget_text so-panel widget widget_custom_html\" data-index=\"6\" ><div class=\"textwidget custom-html-widget\"><ins data-revive-zoneid=\"48\" data-revive-id=\"f9eb582f2634fc8fec3ccb8d0f9ebf3c\"><\/ins>\n<script async src=\"\/\/www.tedpublications.com\/revive\/www\/delivery\/asyncjs.php\"><\/script><\/div><\/div><div id=\"panel-24926-0-1-2\" class=\"widget_text so-panel widget widget_custom_html\" data-index=\"7\" ><div class=\"widget_text panel-widget-style panel-widget-style-for-24926-0-1-2\" ><div class=\"textwidget custom-html-widget\"><script type=\"text\/javascript\"><!--\ngoogle_ad_client = \"ca-pub-3801649250635181\";\n\/* TED Sidebar 300x250 *\/\ngoogle_ad_slot = \"6758013237\";\ngoogle_ad_width = 300;\ngoogle_ad_height = 250;\n\/\/-->\n<\/script>\n<script type=\"text\/javascript\"\nsrc=\"https:\/\/pagead2.googlesyndication.com\/pagead\/show_ads.js\">\n<\/script><\/div><\/div><\/div><div id=\"panel-24926-0-1-3\" class=\"widget_text so-panel widget widget_custom_html\" data-index=\"8\" ><div class=\"textwidget custom-html-widget\"><ins data-revive-zoneid=\"49\" data-revive-id=\"f9eb582f2634fc8fec3ccb8d0f9ebf3c\"><\/ins>\n<script async src=\"\/\/www.tedpublications.com\/revive\/www\/delivery\/asyncjs.php\"><\/script><\/div><\/div><div id=\"panel-24926-0-1-4\" class=\"widget_text so-panel widget widget_custom_html\" data-index=\"9\" ><div class=\"textwidget custom-html-widget\"><ins data-revive-zoneid=\"130\" data-revive-id=\"f9eb582f2634fc8fec3ccb8d0f9ebf3c\"><\/ins>\n<script async src=\"\/\/www.tedpublications.com\/revive\/www\/delivery\/asyncjs.php\"><\/script><\/div><\/div><div id=\"panel-24926-0-1-5\" class=\"widget_text so-panel widget widget_custom_html\" data-index=\"10\" ><div class=\"widget_text panel-widget-style panel-widget-style-for-24926-0-1-5\" ><div class=\"textwidget custom-html-widget\"><script type=\"text\/javascript\"><!--\ngoogle_ad_client = \"ca-pub-3801649250635181\";\n\/* TED Sidebar 300x250 *\/\ngoogle_ad_slot = \"6758013237\";\ngoogle_ad_width = 300;\ngoogle_ad_height = 250;\n\/\/-->\n<\/script>\n<script type=\"text\/javascript\"\nsrc=\"https:\/\/pagead2.googlesyndication.com\/pagead\/show_ads.js\">\n<\/script><\/div><\/div><\/div><div id=\"panel-24926-0-1-6\" class=\"widget_text so-panel widget widget_custom_html\" data-index=\"11\" ><div class=\"textwidget custom-html-widget\"><iframe src=\"\/\/www.facebook.com\/plugins\/likebox.php?href=http%3A%2F%2Fwww.facebook.com%2Fmagted&amp;width=305&amp;height=758&amp;colorscheme=light&amp;show_faces=true&amp;header=false&amp;stream=true&amp;show_border=false&amp;appId=268239076529520\" scrolling=\"no\" frameborder=\"0\" style=\"border:none; overflow:hidden; width:300px; height:765px;\" allowtransparency=\"true\"><\/iframe><\/div><\/div><div id=\"panel-24926-0-1-7\" class=\"so-panel widget widget_ninja_forms_widget panel-last-child\" data-index=\"12\" ><noscript class=\"ninja-forms-noscript-message\">\n\tRemarque\u00a0: JavaScript est requis pour ce contenu.<\/noscript>\n<div id=\"nf-form-4-cont\" class=\"nf-form-cont\" aria-live=\"polite\" aria-labelledby=\"nf-form-title-4\" aria-describedby=\"nf-form-errors-4\" role=\"form\">\n\n    <div class=\"nf-loading-spinner\"><\/div>\n\n<\/div>\n        <!-- TODO: Move to Template File. -->\n        <script>var formDisplay=1;var nfForms=nfForms||[];var form=[];form.id='4';form.settings={\"objectType\":\"Form Setting\",\"editActive\":true,\"title\":\"Abonnement infolettre\",\"created_at\":\"2020-03-10 12:13:38\",\"default_label_pos\":\"above\",\"show_title\":\"1\",\"clear_complete\":\"1\",\"hide_complete\":\"1\",\"logged_in\":\"\",\"wrapper_class\":\"\",\"element_class\":\"sw_form\",\"add_submit\":\"1\",\"currency\":\"\",\"not_logged_in_msg\":\"\",\"sub_limit_msg\":\"\",\"calculations\":[],\"formContentData\":[\"nom_complet\",\"courriel\",\"je_m_abonne_1583867855885\"],\"allow_public_link\":0,\"embed_form\":\"\",\"key\":\"\",\"changeEmailErrorMsg\":\"Veuillez saisir une adresse de messagerie valide. Ex\\u00a0: jean.dupont@gmail.com\",\"changeDateErrorMsg\":\"Veuillez saisir une date valide\\u00a0!\",\"confirmFieldErrorMsg\":\"Ces champs doivent correspondre\\u00a0!\",\"fieldNumberNumMinError\":\"Erreur de nombre min.\",\"fieldNumberNumMaxError\":\"Erreur de nombre max.\",\"fieldNumberIncrementBy\":\"Veuillez incr\\u00e9menter par \",\"formErrorsCorrectErrors\":\"Veuillez corriger les erreurs avant d\\u2019envoyer ce formulaire.\",\"validateRequiredField\":\"Ce champ est obligatoire.\",\"honeypotHoneypotError\":\"Erreur Honeypot\",\"fieldsMarkedRequired\":\"Les champs marqu\\u00e9s d\\u2019un <span class=\\\"ninja-forms-req-symbol\\\">*<\\\/span> sont obligatoires\",\"unique_field_error\":\"Un formulaire avec cette valeur a d\\u00e9j\\u00e0 \\u00e9t\\u00e9 envoy\\u00e9.\",\"drawerDisabled\":false,\"ninjaForms\":\"Ninja Forms\",\"fieldTextareaRTEInsertLink\":\"Ins\\u00e9rer un lien\",\"fieldTextareaRTEInsertMedia\":\"Ins\\u00e9rer un m\\u00e9dia\",\"fieldTextareaRTESelectAFile\":\"S\\u00e9lectionnez un fichier\",\"formHoneypot\":\"Si vous \\u00eates un \\u00eatre humain et que vous voyez ce champ, veuillez le laisser vide.\",\"fileUploadOldCodeFileUploadInProgress\":\"T\\u00e9l\\u00e9versement du fichier en cours.\",\"fileUploadOldCodeFileUpload\":\"T\\u00c9L\\u00c9VERSEMENT DE FICHIER\",\"currencySymbol\":\"&#36;\",\"thousands_sep\":\"\\u00a0\",\"decimal_point\":\",\",\"siteLocale\":\"fr_FR\",\"dateFormat\":\"m\\\/d\\\/Y\",\"startOfWeek\":\"1\",\"of\":\"sur\",\"previousMonth\":\"Mois pr\\u00e9c\\u00e9dent\",\"nextMonth\":\"Mois suivant\",\"months\":[\"Janvier\",\"F\\u00e9vrier\",\"Mars\",\"Avril\",\"Mai\",\"Juin\",\"Juillet\",\"Ao\\u00fbt\",\"Septembre\",\"Octobre\",\"Novembre\",\"D\\u00e9cembre\"],\"monthsShort\":[\"Jan\",\"F\\u00e9v\",\"Mar\",\"Avr\",\"Mai\",\"Juin\",\"Juil\",\"Ao\\u00fb\",\"Sep\",\"Oct\",\"Nov\",\"D\\u00e9c\"],\"weekdays\":[\"Dimanche\",\"Lundi\",\"Mardi\",\"Mercredi\",\"Jeudi\",\"Vendredi\",\"Samedi\"],\"weekdaysShort\":[\"Dim\",\"Lun\",\"Mar\",\"Mer\",\"Jeu\",\"Ven\",\"Sam\"],\"weekdaysMin\":[\"Di\",\"Lu\",\"Ma\",\"Me\",\"Je\",\"Ve\",\"Sa\"],\"recaptchaConsentMissing\":\"reCapctha validation couldn&#039;t load.\",\"recaptchaMissingCookie\":\"reCaptcha v3 validation couldn&#039;t load the cookie needed to submit the form.\",\"recaptchaConsentEvent\":\"Accept reCaptcha cookies before sending the form.\",\"currency_symbol\":\"\",\"beforeForm\":\"\",\"beforeFields\":\"\",\"afterFields\":\"\",\"afterForm\":\"\"};form.fields=[{\"objectType\":\"Field\",\"objectDomain\":\"fields\",\"editActive\":false,\"order\":1,\"label_pos\":\"above\",\"required\":1,\"label\":\"Nom Complet\",\"key\":\"nom_complet\",\"type\":\"firstname\",\"field_label\":\"Nom Complet\",\"field_key\":\"nom_complet\",\"default\":\"\",\"placeholder\":\"\",\"container_class\":\"\",\"element_class\":\"\",\"admin_label\":\"\",\"help_text\":\"\",\"custom_name_attribute\":\"fname\",\"personally_identifiable\":1,\"value\":\"\",\"id\":26,\"beforeField\":\"\",\"afterField\":\"\",\"parentType\":\"firstname\",\"element_templates\":[\"firstname\",\"input\"],\"old_classname\":\"\",\"wrap_template\":\"wrap\"},{\"objectType\":\"Field\",\"objectDomain\":\"fields\",\"editActive\":false,\"order\":2,\"label_pos\":\"above\",\"required\":1,\"label\":\"Courriel\",\"key\":\"courriel\",\"type\":\"email\",\"field_label\":\"Courriel\",\"field_key\":\"courriel\",\"default\":\"\",\"placeholder\":\"\",\"container_class\":\"\",\"element_class\":\"\",\"admin_label\":\"\",\"help_text\":\"\",\"custom_name_attribute\":\"email\",\"personally_identifiable\":1,\"value\":\"\",\"id\":27,\"beforeField\":\"\",\"afterField\":\"\",\"parentType\":\"email\",\"element_templates\":[\"email\",\"input\"],\"old_classname\":\"\",\"wrap_template\":\"wrap\"},{\"objectType\":\"Field\",\"objectDomain\":\"fields\",\"editActive\":false,\"order\":9999,\"processing_label\":\"En cours de traitement\",\"label\":\"Je m'abonne\",\"key\":\"je_m_abonne_1583867855885\",\"type\":\"submit\",\"field_label\":\"Envoyer l'inscription\",\"field_key\":\"envoyer_l_inscription\",\"container_class\":\"\",\"element_class\":\"\",\"drawerDisabled\":false,\"id\":33,\"beforeField\":\"\",\"afterField\":\"\",\"value\":\"\",\"label_pos\":\"above\",\"parentType\":\"textbox\",\"element_templates\":[\"submit\",\"button\",\"input\"],\"old_classname\":\"\",\"wrap_template\":\"wrap-no-label\"}];nfForms.push(form);<\/script>\n        <\/div><\/div><\/div><\/div><\/div>","protected":false},"excerpt":{"rendered":"<p>Vous trouverez ici des vid\u00e9os s\u00e9lectionn\u00e9s par l&rsquo;\u00e9quipe de TED.<\/p>\n","protected":false},"author":38,"featured_media":0,"parent":0,"menu_order":0,"comment_status":"closed","ping_status":"closed","template":"","meta":{"footnotes":""},"class_list":["post-24926","page","type-page","status-publish","hentry","entry"],"_links":{"self":[{"href":"https:\/\/www.tedpublications.com\/fr\/wp-json\/wp\/v2\/pages\/24926","targetHints":{"allow":["GET"]}}],"collection":[{"href":"https:\/\/www.tedpublications.com\/fr\/wp-json\/wp\/v2\/pages"}],"about":[{"href":"https:\/\/www.tedpublications.com\/fr\/wp-json\/wp\/v2\/types\/page"}],"author":[{"embeddable":true,"href":"https:\/\/www.tedpublications.com\/fr\/wp-json\/wp\/v2\/users\/38"}],"replies":[{"embeddable":true,"href":"https:\/\/www.tedpublications.com\/fr\/wp-json\/wp\/v2\/comments?post=24926"}],"version-history":[{"count":2,"href":"https:\/\/www.tedpublications.com\/fr\/wp-json\/wp\/v2\/pages\/24926\/revisions"}],"predecessor-version":[{"id":31821,"href":"https:\/\/www.tedpublications.com\/fr\/wp-json\/wp\/v2\/pages\/24926\/revisions\/31821"}],"wp:attachment":[{"href":"https:\/\/www.tedpublications.com\/fr\/wp-json\/wp\/v2\/media?parent=24926"}],"curies":[{"name":"wp","href":"https:\/\/api.w.org\/{rel}","templated":true}]}}