{"id":15888,"date":"2013-09-09T20:29:48","date_gmt":"2013-09-10T00:29:48","guid":{"rendered":"http:\/\/www.tedpublications.com\/fr\/?page_id=15888"},"modified":"2018-02-14T14:12:12","modified_gmt":"2018-02-14T14:12:12","slug":"abonnement","status":"publish","type":"page","link":"https:\/\/www.tedpublications.com\/fr\/abonnement\/","title":{"rendered":"Abonnez-vous au magazine"},"content":{"rendered":"<p>&nbsp;<\/p>\n<h1 style=\"text-align: center;\"><em>Promotion abonnement<br \/>\nversion num\u00e9rique gratuite!<\/em><\/h1>\n<p><img loading=\"lazy\" decoding=\"async\" class=\"aligncenter wp-image-15834\" style=\"border: 0px none;\" src=\"http:\/\/www.tedpublications.com\/fr\/wp-content\/uploads\/2013\/08\/abonnements_2_19_08_2013.jpg\" alt=\"abonnements_2_19_08_2013\" width=\"531\" height=\"420\" \/><\/p>\n<p style=\"text-align: center;\">Abonnez-vous \u00e0 la revue en format num\u00e9rique uniquement:<br \/>\n<a href=\"http:\/\/ca.zinio.com\/www\/browse\/product.jsp?rf=sch&amp;productId=500623159\" target=\"_blank\" rel=\"noopener\"><strong>&gt;&gt;&gt; Via Zinio \u00e0 la revue en format num\u00e9rique<\/strong><\/a><\/p>\n<p style=\"text-align: center;\"><strong>Ou profitez de rabais avantageux en vous<br \/>\nabonnant d\u00e8s maintenant<br \/>\n\u00e0 la version imprim\u00e9e (num\u00e9rique GRATUITE) !<\/strong><\/p>\n<div style=\"text-align: center;\" align=\"center\"><\/div>\n<div align=\"center\"><a href=\"http:\/\/www.tedpublications.com\/fr\/index.php\/produit\/abonnement-1-an\/\">Je veux m&rsquo;abonner pour 1 an<\/a><\/div>\n<div align=\"center\"><a href=\"http:\/\/www.tedpublications.com\/fr\/index.php\/produit\/abonnement-2-ans\/\">Je veux m&rsquo;abonner pour 2 an<\/a><\/div>\n<div align=\"center\"><\/div>\n","protected":false},"excerpt":{"rendered":"<p>&nbsp; Promotion abonnement version num\u00e9rique gratuite! Abonnez-vous \u00e0 la revue en format num\u00e9rique uniquement: &gt;&gt;&gt; Via Zinio \u00e0 la revue en format num\u00e9rique Ou profitez de rabais avantageux en vous abonnant d\u00e8s maintenant \u00e0 la version imprim\u00e9e (num\u00e9rique GRATUITE) ! Je veux m&rsquo;abonner pour 1 an Je veux m&rsquo;abonner pour 2 an<\/p>\n","protected":false},"author":2,"featured_media":0,"parent":0,"menu_order":0,"comment_status":"closed","ping_status":"closed","template":"page_sidebar.php","meta":{"footnotes":""},"class_list":["post-15888","page","type-page","status-publish","hentry","entry"],"_links":{"self":[{"href":"https:\/\/www.tedpublications.com\/fr\/wp-json\/wp\/v2\/pages\/15888","targetHints":{"allow":["GET"]}}],"collection":[{"href":"https:\/\/www.tedpublications.com\/fr\/wp-json\/wp\/v2\/pages"}],"about":[{"href":"https:\/\/www.tedpublications.com\/fr\/wp-json\/wp\/v2\/types\/page"}],"author":[{"embeddable":true,"href":"https:\/\/www.tedpublications.com\/fr\/wp-json\/wp\/v2\/users\/2"}],"replies":[{"embeddable":true,"href":"https:\/\/www.tedpublications.com\/fr\/wp-json\/wp\/v2\/comments?post=15888"}],"version-history":[{"count":0,"href":"https:\/\/www.tedpublications.com\/fr\/wp-json\/wp\/v2\/pages\/15888\/revisions"}],"wp:attachment":[{"href":"https:\/\/www.tedpublications.com\/fr\/wp-json\/wp\/v2\/media?parent=15888"}],"curies":[{"name":"wp","href":"https:\/\/api.w.org\/{rel}","templated":true}]}}