{"id":1172,"date":"2010-10-16T23:32:03","date_gmt":"2010-10-16T23:32:03","guid":{"rendered":"http:\/\/www.tedpublications.com\/fr\/?page_id=44"},"modified":"2025-12-01T13:50:32","modified_gmt":"2025-12-01T18:50:32","slug":"contactez-nous","status":"publish","type":"page","link":"https:\/\/www.tedpublications.com\/fr\/contactez-nous\/","title":{"rendered":"Contactez-Nous"},"content":{"rendered":"<p><!--:fr--><\/p>\n<p style=\"padding-left: 60px;\"><span style=\"color: #800000; font-family: arial black, sans-serif;\"><strong><em>\u00c9diteur et directeur de la publication:<\/em><\/strong><\/span><br \/>\n<span style=\"font-family: arial, helvetica, sans-serif;\">Franco Moggia<\/span><\/p>\n<p style=\"padding-left: 60px; text-align: left;\"><span style=\"color: #800000; font-family: arial black, sans-serif;\"><strong><em>Co\u00e9ditrice et responsable des relations publiques:<\/em><\/strong><\/span><br \/>\n<span style=\"font-family: arial, helvetica, sans-serif;\">Lucie Beauchamp<\/span><\/p>\n<p style=\"padding-left: 60px;\"><span style=\"color: #800000; font-family: arial black, sans-serif;\"><em><strong>Repr\u00e9sentants publicitaires :<\/strong><\/em><\/span><br \/>\n<span style=\"font-family: arial, helvetica, sans-serif;\">Lucie Beauchamp :<\/span> <strong><a href=\"mailto:lucieb@quebecaudio.com\">lucieb@quebecaudio.com<\/a><\/strong><br \/>\n<span style=\"font-family: arial, helvetica, sans-serif;\">Franco Moggia :<\/span> <strong><a href=\"mailto:francom@quebecaudio.com\">francom@quebecaudio.com<\/a><\/strong><em><br \/>\n<span style=\"font-family: arial, helvetica, sans-serif;\">Veuillez communiquer avec notre \u00e9quipe publicitaire afin d&rsquo;obtenir les renseignements<\/span><\/em><span style=\"font-family: arial, helvetica, sans-serif;\"><em><br \/>\nrelatifs au placement m\u00e9dia,<\/em><em> que ce soit sur notre site Internet ou \u00e0 l&rsquo;int\u00e9rieur de notre<br \/>\nmagazine. Nous nous ferons un plaisir de r\u00e9pondre \u00e0 vos questions<\/em>.<\/span><\/p>\n<p style=\"padding-left: 60px;\"><span style=\"color: #800000; font-family: arial black, sans-serif;\"><em><strong>Adresse Internet:<\/strong><\/em><\/span><br \/>\n<span style=\"font-family: arial, helvetica, sans-serif;\"><strong><a href=\"http:\/\/www.tedpublications.com\/fr\" target=\"_blank\" rel=\"noopener noreferrer\">www.quebecaudio.com<\/a><\/strong><\/span><br \/>\n<span style=\"font-family: arial, helvetica, sans-serif;\">Courriel: <\/span><strong><a href=\"mailto:info@quebecaudio.com\"><span style=\"font-family: arial, helvetica, sans-serif;\">info@quebecaudio.com<\/span><\/a><\/strong><\/p>\n<p style=\"padding-left: 60px;\"><span style=\"color: #800000; font-family: arial black, sans-serif;\"><strong>D\u00c9P\u00d4T L\u00c9GAL<\/strong><\/span><br \/>\n<span style=\"font-family: arial, helvetica, sans-serif;\">Biblioth\u00e8que nationale du Qu\u00e9bec, 1994<\/span><br \/>\n<span style=\"font-family: arial, helvetica, sans-serif;\">Biblioth\u00e8que nationale du Canada 994-6872\u00a0\u00a0 ISSN 1498-4318<\/span><\/p>\n<p style=\"padding-left: 60px;\"><span style=\"color: #800000;\"><span style=\"font-family: arial black, sans-serif;\"><strong>LISTE D\u2019ABONN\u00c9(E)S<\/strong><\/span>;<\/span> <span style=\"font-family: arial, helvetica, sans-serif;\">Il nous arrive de mettre notre liste d\u2019abonn\u00e9(e)s \u00e0 la disposition<\/span><br \/>\n<span style=\"font-family: arial, helvetica, sans-serif;\">d\u2019entreprises ou d\u2019organismes qui proposent des produits ou des services qui pourraient<\/span><br \/>\n<span style=\"font-family: arial, helvetica, sans-serif;\">vous int\u00e9resser.<\/span><\/p>\n<p style=\"padding-left: 60px;\"><span style=\"color: #993300;\"><em><strong><span style=\"font-family: arial black, sans-serif;\">Si vous ne voulez pas que votre nom y figure, faites-le nous savoir<\/span><br \/>\n<span style=\"font-family: arial black, sans-serif;\">par \u00e9crit par courriel au: <span style=\"color: #800000;\"><a style=\"color: #800000;\" href=\"mailto:lucieb@quebecaudio.com\" target=\"_blank\" rel=\"noopener noreferrer\">lucieb@quebecaudio.com<\/a><\/span><\/span><br \/>\n<\/strong><\/em><\/span><\/p>\n<p><!--:--><\/p>\n","protected":false},"excerpt":{"rendered":"<p>\u00c9diteur et directeur de la publication: Franco Moggia Co\u00e9ditrice et responsable des relations publiques: Lucie Beauchamp Repr\u00e9sentants publicitaires : Lucie Beauchamp : lucieb@quebecaudio.com Franco Moggia : francom@quebecaudio.com Veuillez communiquer avec notre \u00e9quipe publicitaire afin d&rsquo;obtenir les renseignements relatifs au placement m\u00e9dia, que ce soit sur notre site Internet ou \u00e0 l&rsquo;int\u00e9rieur de notre magazine. Nous [&hellip;]<\/p>\n","protected":false},"author":2,"featured_media":0,"parent":0,"menu_order":0,"comment_status":"closed","ping_status":"closed","template":"","meta":{"footnotes":""},"class_list":["post-1172","page","type-page","status-publish","hentry","entry"],"_links":{"self":[{"href":"https:\/\/www.tedpublications.com\/fr\/wp-json\/wp\/v2\/pages\/1172","targetHints":{"allow":["GET"]}}],"collection":[{"href":"https:\/\/www.tedpublications.com\/fr\/wp-json\/wp\/v2\/pages"}],"about":[{"href":"https:\/\/www.tedpublications.com\/fr\/wp-json\/wp\/v2\/types\/page"}],"author":[{"embeddable":true,"href":"https:\/\/www.tedpublications.com\/fr\/wp-json\/wp\/v2\/users\/2"}],"replies":[{"embeddable":true,"href":"https:\/\/www.tedpublications.com\/fr\/wp-json\/wp\/v2\/comments?post=1172"}],"version-history":[{"count":10,"href":"https:\/\/www.tedpublications.com\/fr\/wp-json\/wp\/v2\/pages\/1172\/revisions"}],"predecessor-version":[{"id":44815,"href":"https:\/\/www.tedpublications.com\/fr\/wp-json\/wp\/v2\/pages\/1172\/revisions\/44815"}],"wp:attachment":[{"href":"https:\/\/www.tedpublications.com\/fr\/wp-json\/wp\/v2\/media?parent=1172"}],"curies":[{"name":"wp","href":"https:\/\/api.w.org\/{rel}","templated":true}]}}